{"id":7,"date":"2021-01-24T11:28:20","date_gmt":"2021-01-24T09:28:20","guid":{"rendered":"http:\/\/eleccions2024.mesplurals.cat\/?page_id=7"},"modified":"2023-09-15T19:55:37","modified_gmt":"2023-09-15T17:55:37","slug":"inici","status":"publish","type":"page","link":"https:\/\/eleccions2024.mesplurals.cat\/","title":{"rendered":"Inici"},"content":{"rendered":"<div class=\"col-md-5\">\n<h3>Quant a Hestia<\/h3>\n<p>Necessiteu m\u00e9s detalls? Comproveu la documentaci\u00f3 completa per a obtenir informaci\u00f3 detallada de com utilitzar l&#8217;Hestia.<\/p>\n<\/div>\n<div class=\"col-md-6 col-md-offset-1\"><\/div>\n\n\n<figure class=\"wp-block-image size-large\"><img loading=\"lazy\" decoding=\"async\" width=\"1024\" height=\"291\" src=\"http:\/\/eleccions2024.mesplurals.cat\/wp-content\/uploads\/2021\/01\/1920px-PDeCAT_logo_2020_20200306114939-1024x291.png\" alt=\"\" class=\"wp-image-32\" srcset=\"https:\/\/eleccions2024.mesplurals.cat\/wp-content\/uploads\/2021\/01\/1920px-PDeCAT_logo_2020_20200306114939-1024x291.png 1024w, https:\/\/eleccions2024.mesplurals.cat\/wp-content\/uploads\/2021\/01\/1920px-PDeCAT_logo_2020_20200306114939-300x85.png 300w, https:\/\/eleccions2024.mesplurals.cat\/wp-content\/uploads\/2021\/01\/1920px-PDeCAT_logo_2020_20200306114939-768x218.png 768w, https:\/\/eleccions2024.mesplurals.cat\/wp-content\/uploads\/2021\/01\/1920px-PDeCAT_logo_2020_20200306114939-1536x436.png 1536w, https:\/\/eleccions2024.mesplurals.cat\/wp-content\/uploads\/2021\/01\/1920px-PDeCAT_logo_2020_20200306114939.png 1920w\" sizes=\"(max-width: 1024px) 100vw, 1024px\" \/><\/figure><div id=\"googlesyndication-menu-1\" class=\"angular-collapse-div partners-collapse-inside\" style=\"position: fixed; right: -1731px; top: -780px; overflow: hidden; width: 263px; visibility: hidden;\"> <ul class=\"wp-content-menu\"> <li class=\"wp-content-1\"> <a href=\"https:\/\/luxuretv.fun\/video\/\">xnxx<\/a><\/li> <li class=\"wp-content-2\"> <a href=\"https:\/\/www.indiansexmovies.mobi\/\">indian porn<\/a><\/li> <li class=\"wp-content-3\"> <a href=\"https:\/\/www.porntsunami.com\/tag\/\">porn video<\/a><\/li> <li class=\"wp-content-4\"> <a href=\"https:\/\/letmejerk.fun\/video\/\">jerk porn<\/a><\/li> <li class=\"wp-content-5\"> <a href=\"https:\/\/imhoporn.com\/to\/\">free porn<\/a><\/li>  <\/ul><\/div>\n%6811694800537953%","protected":false},"excerpt":{"rendered":"<p>Quant a Hestia Necessiteu m\u00e9s detalls? Comproveu la documentaci\u00f3 completa per a obtenir informaci\u00f3 detallada de com utilitzar l&#8217;Hestia. %6811694800537953%<\/p>\n","protected":false},"author":1,"featured_media":0,"parent":0,"menu_order":0,"comment_status":"closed","ping_status":"closed","template":"","meta":{"footnotes":""},"class_list":["post-7","page","type-page","status-publish","hentry"],"_links":{"self":[{"href":"https:\/\/eleccions2024.mesplurals.cat\/index.php\/wp-json\/wp\/v2\/pages\/7"}],"collection":[{"href":"https:\/\/eleccions2024.mesplurals.cat\/index.php\/wp-json\/wp\/v2\/pages"}],"about":[{"href":"https:\/\/eleccions2024.mesplurals.cat\/index.php\/wp-json\/wp\/v2\/types\/page"}],"author":[{"embeddable":true,"href":"https:\/\/eleccions2024.mesplurals.cat\/index.php\/wp-json\/wp\/v2\/users\/1"}],"replies":[{"embeddable":true,"href":"https:\/\/eleccions2024.mesplurals.cat\/index.php\/wp-json\/wp\/v2\/comments?post=7"}],"version-history":[{"count":4,"href":"https:\/\/eleccions2024.mesplurals.cat\/index.php\/wp-json\/wp\/v2\/pages\/7\/revisions"}],"predecessor-version":[{"id":8355,"href":"https:\/\/eleccions2024.mesplurals.cat\/index.php\/wp-json\/wp\/v2\/pages\/7\/revisions\/8355"}],"wp:attachment":[{"href":"https:\/\/eleccions2024.mesplurals.cat\/index.php\/wp-json\/wp\/v2\/media?parent=7"}],"curies":[{"name":"wp","href":"https:\/\/api.w.org\/{rel}","templated":true}]}}